{"id":5,"date":"2023-06-12T03:25:35","date_gmt":"2023-06-12T03:25:35","guid":{"rendered":"https:\/\/pecadodelinkacontinental.com\/?page_id=5"},"modified":"2023-06-27T19:15:43","modified_gmt":"2023-06-27T19:15:43","slug":"construccion","status":"publish","type":"page","link":"https:\/\/pecadodelinkacontinental.com\/index.php\/construccion\/","title":{"rendered":"Construccion"},"content":{"rendered":"\t\t<div data-elementor-type=\"wp-page\" data-elementor-id=\"5\" class=\"elementor elementor-5\" data-elementor-post-type=\"page\">\n\t\t\t\t\t\t<section class=\"elementor-section elementor-top-section elementor-element elementor-element-9302a20 elementor-section-height-full elementor-section-boxed elementor-section-height-default elementor-section-items-middle\" data-id=\"9302a20\" data-element_type=\"section\">\n\t\t\t\t\t\t\t<div class=\"elementor-background-overlay\"><\/div>\n\t\t\t\t\t\t\t<div class=\"elementor-container elementor-column-gap-default\">\n\t\t\t\t\t<div class=\"aux-parallax-section elementor-column elementor-col-100 elementor-top-column elementor-element elementor-element-23e0801\" data-id=\"23e0801\" data-element_type=\"column\">\n\t\t\t<div class=\"elementor-widget-wrap elementor-element-populated\">\n\t\t\t\t\t\t<div class=\"elementor-element elementor-element-6079f00 elementor-widget elementor-widget-image\" data-id=\"6079f00\" data-element_type=\"widget\" data-widget_type=\"image.default\">\n\t\t\t\t<div class=\"elementor-widget-container\">\n\t\t\t\t\t\t\t\t\t\t\t\t\t\t\t<img fetchpriority=\"high\" decoding=\"async\" width=\"307\" height=\"307\" src=\"https:\/\/pecadodelinkacontinental.com\/wp-content\/uploads\/2023\/06\/logo-pecado-continental.png\" class=\"attachment-large size-large wp-image-20\" alt=\"\" srcset=\"https:\/\/pecadodelinkacontinental.com\/wp-content\/uploads\/2023\/06\/logo-pecado-continental.png 307w, https:\/\/pecadodelinkacontinental.com\/wp-content\/uploads\/2023\/06\/logo-pecado-continental-300x300.png 300w, https:\/\/pecadodelinkacontinental.com\/wp-content\/uploads\/2023\/06\/logo-pecado-continental-150x150.png 150w\" sizes=\"(max-width: 307px) 100vw, 307px\" \/>\t\t\t\t\t\t\t\t\t\t\t\t\t\t\t<\/div>\n\t\t\t\t<\/div>\n\t\t\t\t<div class=\"elementor-element elementor-element-89eea97 elementor-widget elementor-widget-heading\" data-id=\"89eea97\" data-element_type=\"widget\" data-widget_type=\"heading.default\">\n\t\t\t\t<div class=\"elementor-widget-container\">\n\t\t\t\t\t<h2 class=\"elementor-heading-title elementor-size-default\">\u00a1La espera valdr\u00e1 la pena! <br>Estamos trabajando en nuestra p\u00e1gina web<\/h2>\t\t\t\t<\/div>\n\t\t\t\t<\/div>\n\t\t\t\t<section class=\"elementor-section elementor-inner-section elementor-element elementor-element-501b425 elementor-section-boxed elementor-section-height-default elementor-section-height-default\" data-id=\"501b425\" data-element_type=\"section\">\n\t\t\t\t\t\t<div class=\"elementor-container elementor-column-gap-default\">\n\t\t\t\t\t<div class=\"aux-parallax-section elementor-column elementor-col-100 elementor-inner-column elementor-element elementor-element-dd4f730\" data-id=\"dd4f730\" data-element_type=\"column\">\n\t\t\t<div class=\"elementor-widget-wrap elementor-element-populated\">\n\t\t\t\t\t\t<div class=\"elementor-element elementor-element-747faeb elementor-widget elementor-widget-text-editor\" data-id=\"747faeb\" data-element_type=\"widget\" data-widget_type=\"text-editor.default\">\n\t\t\t\t<div class=\"elementor-widget-container\">\n\t\t\t\t\t\t\t\t\t<p>#Pr\u00f3ximamente #PecadoDelInkaContinental<\/p>\t\t\t\t\t\t\t\t<\/div>\n\t\t\t\t<\/div>\n\t\t\t\t\t<\/div>\n\t\t<\/div>\n\t\t\t\t\t<\/div>\n\t\t<\/section>\n\t\t\t\t<section class=\"elementor-section elementor-inner-section elementor-element elementor-element-184f0da elementor-section-boxed elementor-section-height-default elementor-section-height-default\" data-id=\"184f0da\" data-element_type=\"section\">\n\t\t\t\t\t\t<div class=\"elementor-container elementor-column-gap-default\">\n\t\t\t\t\t<div class=\"aux-parallax-section elementor-column elementor-col-50 elementor-inner-column elementor-element elementor-element-85b7dec\" data-id=\"85b7dec\" data-element_type=\"column\">\n\t\t\t<div class=\"elementor-widget-wrap\">\n\t\t\t\t\t<div class=\"elementor-background-overlay\"><\/div>\n\t\t\t\t\t\t\t<\/div>\n\t\t<\/div>\n\t\t\t\t<div class=\"aux-parallax-section elementor-column elementor-col-50 elementor-inner-column elementor-element elementor-element-803141d\" data-id=\"803141d\" data-element_type=\"column\">\n\t\t\t<div class=\"elementor-widget-wrap\">\n\t\t\t\t\t\t\t<\/div>\n\t\t<\/div>\n\t\t\t\t\t<\/div>\n\t\t<\/section>\n\t\t\t\t\t<\/div>\n\t\t<\/div>\n\t\t\t\t\t<\/div>\n\t\t<\/section>\n\t\t\t\t<\/div>\n\t\t   ","protected":false},"excerpt":{"rendered":"<p>\u00a1La espera valdr\u00e1 la pena! Estamos trabajando en nuestra p\u00e1gina web #Pr\u00f3ximamente #PecadoDelInkaContinental<\/p>\n","protected":false},"author":1,"featured_media":0,"parent":0,"menu_order":0,"comment_status":"closed","ping_status":"closed","template":"elementor_canvas","meta":{"_joinchat":[],"footnotes":""},"class_list":["post-5","page","type-page","status-publish","hentry"],"_links":{"self":[{"href":"https:\/\/pecadodelinkacontinental.com\/index.php\/wp-json\/wp\/v2\/pages\/5","targetHints":{"allow":["GET"]}}],"collection":[{"href":"https:\/\/pecadodelinkacontinental.com\/index.php\/wp-json\/wp\/v2\/pages"}],"about":[{"href":"https:\/\/pecadodelinkacontinental.com\/index.php\/wp-json\/wp\/v2\/types\/page"}],"author":[{"embeddable":true,"href":"https:\/\/pecadodelinkacontinental.com\/index.php\/wp-json\/wp\/v2\/users\/1"}],"replies":[{"embeddable":true,"href":"https:\/\/pecadodelinkacontinental.com\/index.php\/wp-json\/wp\/v2\/comments?post=5"}],"version-history":[{"count":10,"href":"https:\/\/pecadodelinkacontinental.com\/index.php\/wp-json\/wp\/v2\/pages\/5\/revisions"}],"predecessor-version":[{"id":169,"href":"https:\/\/pecadodelinkacontinental.com\/index.php\/wp-json\/wp\/v2\/pages\/5\/revisions\/169"}],"wp:attachment":[{"href":"https:\/\/pecadodelinkacontinental.com\/index.php\/wp-json\/wp\/v2\/media?parent=5"}],"curies":[{"name":"wp","href":"https:\/\/api.w.org\/{rel}","templated":true}]}}